{"id":11324,"date":"2023-12-01T17:51:45","date_gmt":"2023-12-01T14:51:45","guid":{"rendered":"https:\/\/simge-tr.com\/en\/?page_id=11324"},"modified":"2025-05-06T17:37:08","modified_gmt":"2025-05-06T14:37:08","slug":"services","status":"publish","type":"page","link":"https:\/\/simge-tr.com\/en\/services\/","title":{"rendered":"Services"},"content":{"rendered":"<section class=\"l-section wpb_row us_custom_56af9470 hide_on_tablets hide_on_mobiles height_auto type_sticky\"><div class=\"l-section-overlay\" style=\"background:#ffffff\"><\/div><div class=\"l-section-h i-cf\"><div class=\"g-cols vc_row via_grid cols_1 laptops-cols_inherit tablets-cols_inherit mobiles-cols_1 valign_top type_default stacking_default\"><div class=\"wpb_column vc_column_container\"><div class=\"vc_column-inner\"><div class=\"w-hwrapper us_custom_c5c2f7a2 valign_middle align_left\" style=\"--hwrapper-gap:0.9rem\"><div class=\"wpb_text_column us_custom_3ea587b1 has_text_color\"><div class=\"wpb_wrapper\"><p><strong>Services <\/strong>\u00a0 \u00a0 \u00a0 |<\/p>\n<\/div><\/div><nav class=\"w-menu us_custom_7263c46d has_text_color layout_hor style_blocks not_responsive has_text_align_on_mobiles us_menu_1\" style=\"--main-gap:pxpxpxpxpxpxpxpxpxpxpxpxpxpxpxpxpxpxpxpxpxpxpxpxpxpxpxpxpxpxpxpxpxpxpxpxpxpxpxpxpx;--main-ver-indent:0.8em;--main-hor-indent:0.8em;--main-color:#474747;--main-hover-color:#fa5c5c;--main-active-color:#fa5c5c;\"><ul id=\"menu-hizmetlerimiz-menu\" class=\"menu\"><li id=\"menu-item-12007\" class=\"menu-item menu-item-type-post_type menu-item-object-page menu-item-12007\"><a href=\"https:\/\/simge-tr.com\/en\/factory-installation\/\">Factory Installation<\/a><\/li><li id=\"menu-item-12006\" class=\"menu-item menu-item-type-post_type menu-item-object-page menu-item-12006\"><a href=\"https:\/\/simge-tr.com\/en\/machine-manufacturing\/\">Machine Manufacturing<\/a><\/li><li id=\"menu-item-12005\" class=\"menu-item menu-item-type-post_type menu-item-object-page menu-item-12005\"><a href=\"https:\/\/simge-tr.com\/en\/machine-revisions\/\">Machine Revisions<\/a><\/li><li id=\"menu-item-12008\" class=\"menu-item menu-item-type-post_type menu-item-object-page menu-item-12008\"><a href=\"https:\/\/simge-tr.com\/en\/energy-saving\/\">Energy Saving<\/a><\/li><li id=\"menu-item-12004\" class=\"menu-item menu-item-type-post_type menu-item-object-page menu-item-12004\"><a href=\"https:\/\/simge-tr.com\/en\/consulting\/\">Consulting<\/a><\/li><li id=\"menu-item-12477\" class=\"menu-item menu-item-type-post_type menu-item-object-page menu-item-12477\"><a href=\"https:\/\/simge-tr.com\/en\/2-hand-machines\/\">2. Hand Machines<\/a><\/li><\/ul><\/nav><\/div><\/div><\/div><\/div><\/div><\/section><section class=\"l-section wpb_row us_custom_d6f7f0d2 hide_on_default hide_on_laptops height_auto type_sticky\" id=\"mobil\"><div class=\"l-section-overlay\" style=\"background:#ffffff\"><\/div><div class=\"l-section-h i-cf\"><div class=\"g-cols vc_row via_grid cols_1 laptops-cols_inherit tablets-cols_inherit mobiles-cols_1 valign_top type_default stacking_default\"><div class=\"wpb_column vc_column_container\"><div class=\"vc_column-inner\"><div class=\"w-separator size_small\"><\/div><div class=\"w-separator size_small\"><\/div><div class=\"w-dropdown us_custom_5cbae937 has_text_color source_own dropdown_none drop_to_left open_on_click\"><div class=\"w-dropdown-h\"><div class=\"w-dropdown-current\"><a class=\"w-dropdown-item\" role=\"button\" href=\"javascript:void(0)\"><span class=\"w-dropdown-item-title\">Hizmetlerimiz<\/span><\/a><\/div><div class=\"w-dropdown-list\"><div class=\"w-dropdown-list-h\"><a href=\"https:\/\/simge-tr.com\/yeni\/fabrika-kurulumu\/\" class=\"w-dropdown-item smooth-scroll\"><span class=\"w-dropdown-item-title\">Fabrika Kurulumu<\/span><\/a><a href=\"https:\/\/simge-tr.com\/yeni\/makina-imalati\/\" class=\"w-dropdown-item smooth-scroll\"><span class=\"w-dropdown-item-title\">Makina \u0130malat\u0131<\/span><\/a><a href=\"https:\/\/simge-tr.com\/yeni\/makina-revizyonlari\/\" class=\"w-dropdown-item smooth-scroll\"><span class=\"w-dropdown-item-title\">Makina Revizyonlar\u0131<\/span><\/a><a href=\"https:\/\/simge-tr.com\/yeni\/enerji-tasarrufu\/\" class=\"w-dropdown-item smooth-scroll\"><span class=\"w-dropdown-item-title\">Enerji Tasarrufu<\/span><\/a><a href=\"https:\/\/simge-tr.com\/yeni\/danismanlik\/\" class=\"w-dropdown-item smooth-scroll\"><span class=\"w-dropdown-item-title\">Dan\u0131\u015fmanl\u0131k<\/span><\/a><\/div><\/div><\/div><\/div><div class=\"w-separator size_small\"><\/div><\/div><\/div><\/div><\/div><\/section><section class=\"l-section wpb_row height_custom\"><div class=\"l-section-h i-cf\"><div class=\"g-cols vc_row via_grid cols_1 laptops-cols_inherit tablets-cols_inherit mobiles-cols_1 valign_top type_default stacking_default\"><div class=\"wpb_column vc_column_container\"><div class=\"vc_column-inner\"><div class=\"w-grid type_grid layout_9481 cols_3 overflow_hidden\" id=\"us_grid_1\" style=\"--gap:1.1rem;\" data-filterable=\"true\"><style>@media (max-width:1185px){#us_grid_1 .w-grid-item{width:50%}}@media (max-width:550px){#us_grid_1 .w-grid-list{margin:0}#us_grid_1 .w-grid-item{width:100%;padding:0;margin-bottom:var(--gap,0px)}}.layout_9481 .w-grid-item-h{background:var(--color-content-bg);color:var(--color-content-text);box-shadow:0 0.05rem 0.1rem rgba(0,0,0,0.1),0 0.17rem 0.5rem rgba(0,0,0,0.1);transition-duration:0.3s}.no-touch .layout_9481 .w-grid-item-h:hover{box-shadow:0 0.07rem 0.14rem rgba(0,0,0,0.1),0 0.23rem 0.7rem rgba(0,0,0,0.15);z-index:4}.layout_9481 .usg_text_2{transition-duration:0.3s;transform-origin:50% 50%;transform:scale(1) translate(-5%,0%)}.layout_9481 .w-grid-item-h:hover .usg_text_2{transform:scale(1) translate(0%,0%);opacity:1}.layout_9481 .usg_post_image_1{transition-duration:0.85s;transform-origin:50% 50%;transform:scale(1) translate(0%,0%)}.layout_9481 .w-grid-item-h:hover .usg_post_image_1{transform:scale(1.02) translate(0%,0%);opacity:1}.layout_9481 .usg_post_title_1{color:var(--color-header-top-text)!important;font-size:1.1rem!important;font-weight:600!important}.layout_9481 .usg_vwrapper_1{margin-top:2rem!important;position:static!important;padding:6% 8% 7% 8%!important}.layout_9481 .usg_text_2{color:#bfbfbf!important;font-size:20px!important;padding-bottom:15px!important;padding-right:15px!important;position:absolute!important;bottom:0px!important;right:0px!important}.layout_9481 .usg_post_image_1{margin-bottom:-2rem!important}.layout_9481 .usg_post_content_1{color:#999999!important;font-size:15px!important;line-height:20px!important}@media (max-width:550px){.layout_9481 .usg_post_title_1{font-size:1rem!important}}<\/style><div class=\"w-grid-list\">\t<article class=\"w-grid-item size_1x1 post-9087 post type-post status-publish format-standard has-post-thumbnail hentry category-aluminum-fair\" data-id=\"9087\">\r\n\t\t<div class=\"w-grid-item-h\">\r\n\t\t\t\t\t\t<div class=\"w-post-elm post_image usg_post_image_1 has_ratio\"><a href=\"https:\/\/simge-tr.com\/en\/aluexpo-2011\/\" aria-label=\"AluExpo 2011\"><img loading=\"lazy\" decoding=\"async\" width=\"858\" height=\"570\" src=\"https:\/\/simge-tr.com\/en\/wp-content\/uploads\/2023\/05\/DSC0588.jpg\" class=\"attachment-full size-full wp-post-image\" alt=\"\" \/><\/a><div style=\"padding-bottom:42.8571%\"><\/div><\/div><div class=\"w-vwrapper usg_vwrapper_1 align_none valign_top\"><h6 class=\"w-post-elm post_title usg_post_title_1 has_text_color entry-title color_link_inherit\"><a href=\"https:\/\/simge-tr.com\/en\/aluexpo-2011\/\">AluExpo 2011<\/a><\/h6><p class=\"w-text usg_text_2 has_text_color no_text icon_atleft\"><a href=\"https:\/\/simge-tr.com\/en\/aluexpo-2011\/\" aria-label=\"Link\" class=\"w-text-h\"><i class=\"fas fa-caret-square-right\"><\/i><span class=\"w-text-value\"><\/span><\/a><\/p><\/div>\t\t<\/div>\r\n\t\t\t<\/article>\r\n\t<article class=\"w-grid-item size_1x1 post-9085 post type-post status-publish format-standard has-post-thumbnail hentry category-aluminum-fair\" data-id=\"9085\">\r\n\t\t<div class=\"w-grid-item-h\">\r\n\t\t\t\t\t\t<div class=\"w-post-elm post_image usg_post_image_1 has_ratio\"><a href=\"https:\/\/simge-tr.com\/en\/aluexpo-2015\/\" aria-label=\"AluExpo 2015\"><img loading=\"lazy\" decoding=\"async\" width=\"858\" height=\"570\" src=\"https:\/\/simge-tr.com\/en\/wp-content\/uploads\/2023\/05\/DSC0587.jpg\" class=\"attachment-full size-full wp-post-image\" alt=\"\" \/><\/a><div style=\"padding-bottom:42.8571%\"><\/div><\/div><div class=\"w-vwrapper usg_vwrapper_1 align_none valign_top\"><h6 class=\"w-post-elm post_title usg_post_title_1 has_text_color entry-title color_link_inherit\"><a href=\"https:\/\/simge-tr.com\/en\/aluexpo-2015\/\">AluExpo 2015<\/a><\/h6><p class=\"w-text usg_text_2 has_text_color no_text icon_atleft\"><a href=\"https:\/\/simge-tr.com\/en\/aluexpo-2015\/\" aria-label=\"Link\" class=\"w-text-h\"><i class=\"fas fa-caret-square-right\"><\/i><span class=\"w-text-value\"><\/span><\/a><\/p><\/div>\t\t<\/div>\r\n\t\t\t<\/article>\r\n\t<article class=\"w-grid-item size_1x1 post-9079 post type-post status-publish format-standard hentry category-automation-fair\" data-id=\"9079\">\r\n\t\t<div class=\"w-grid-item-h\">\r\n\t\t\t\t\t\t<div class=\"w-post-elm post_image usg_post_image_1 has_ratio with_placeholder\"><a href=\"https:\/\/simge-tr.com\/en\/win-automation-2016\/\" aria-label=\"WIN Automation 2016\"><img loading=\"lazy\" decoding=\"async\" width=\"400\" height=\"400\" src=\"https:\/\/simge-tr.com\/en\/wp-content\/uploads\/2023\/06\/simge-logo.jpg\" class=\"g-placeholder\" alt=\"\" \/><\/a><div style=\"padding-bottom:42.8571%\"><\/div><\/div><div class=\"w-vwrapper usg_vwrapper_1 align_none valign_top\"><h6 class=\"w-post-elm post_title usg_post_title_1 has_text_color entry-title color_link_inherit\"><a href=\"https:\/\/simge-tr.com\/en\/win-automation-2016\/\">WIN Automation 2016<\/a><\/h6><p class=\"w-text usg_text_2 has_text_color no_text icon_atleft\"><a href=\"https:\/\/simge-tr.com\/en\/win-automation-2016\/\" aria-label=\"Link\" class=\"w-text-h\"><i class=\"fas fa-caret-square-right\"><\/i><span class=\"w-text-value\"><\/span><\/a><\/p><\/div>\t\t<\/div>\r\n\t\t\t<\/article>\r\n\t<article class=\"w-grid-item size_1x1 post-9054 post type-post status-publish format-standard hentry category-automation-fair\" data-id=\"9054\">\r\n\t\t<div class=\"w-grid-item-h\">\r\n\t\t\t\t\t\t<div class=\"w-post-elm post_image usg_post_image_1 has_ratio with_placeholder\"><a href=\"https:\/\/simge-tr.com\/en\/win-auatomation-2017\/\" aria-label=\"WIN Auatomation 2017\"><img loading=\"lazy\" decoding=\"async\" width=\"400\" height=\"400\" src=\"https:\/\/simge-tr.com\/en\/wp-content\/uploads\/2023\/06\/simge-logo.jpg\" class=\"g-placeholder\" alt=\"\" \/><\/a><div style=\"padding-bottom:42.8571%\"><\/div><\/div><div class=\"w-vwrapper usg_vwrapper_1 align_none valign_top\"><h6 class=\"w-post-elm post_title usg_post_title_1 has_text_color entry-title color_link_inherit\"><a href=\"https:\/\/simge-tr.com\/en\/win-auatomation-2017\/\">WIN Auatomation 2017<\/a><\/h6><p class=\"w-text usg_text_2 has_text_color no_text icon_atleft\"><a href=\"https:\/\/simge-tr.com\/en\/win-auatomation-2017\/\" aria-label=\"Link\" class=\"w-text-h\"><i class=\"fas fa-caret-square-right\"><\/i><span class=\"w-text-value\"><\/span><\/a><\/p><\/div>\t\t<\/div>\r\n\t\t\t<\/article>\r\n\t<article class=\"w-grid-item size_1x1 post-10198 post type-post status-publish format-standard has-post-thumbnail hentry category-aluminum-fair\" data-id=\"10198\">\r\n\t\t<div class=\"w-grid-item-h\">\r\n\t\t\t\t\t\t<div class=\"w-post-elm post_image usg_post_image_1 has_ratio\"><a href=\"https:\/\/simge-tr.com\/en\/aluexpo-2019-turkiye\/\" aria-label=\"Aluexpo 2019 &#8211; Turkey\"><img loading=\"lazy\" decoding=\"async\" width=\"1600\" height=\"1200\" src=\"https:\/\/simge-tr.com\/en\/wp-content\/uploads\/2023\/07\/WhatsApp-Gorsel-2023-06-05-saat-11.52.53123.jpg\" class=\"attachment-full size-full wp-post-image\" alt=\"\" \/><\/a><div style=\"padding-bottom:42.8571%\"><\/div><\/div><div class=\"w-vwrapper usg_vwrapper_1 align_none valign_top\"><h6 class=\"w-post-elm post_title usg_post_title_1 has_text_color entry-title color_link_inherit\"><a href=\"https:\/\/simge-tr.com\/en\/aluexpo-2019-turkiye\/\">Aluexpo 2019 &#8211; Turkey<\/a><\/h6><p class=\"w-text usg_text_2 has_text_color no_text icon_atleft\"><a href=\"https:\/\/simge-tr.com\/en\/aluexpo-2019-turkiye\/\" aria-label=\"Link\" class=\"w-text-h\"><i class=\"fas fa-caret-square-right\"><\/i><span class=\"w-text-value\"><\/span><\/a><\/p><\/div>\t\t<\/div>\r\n\t\t\t<\/article>\r\n\t<article class=\"w-grid-item size_1x1 post-9083 post type-post status-publish format-standard has-post-thumbnail hentry category-aluminum-fair\" data-id=\"9083\">\r\n\t\t<div class=\"w-grid-item-h\">\r\n\t\t\t\t\t\t<div class=\"w-post-elm post_image usg_post_image_1 has_ratio\"><a href=\"https:\/\/simge-tr.com\/en\/aluexpo-2020\/\" aria-label=\"AluExpo 2020\"><img loading=\"lazy\" decoding=\"async\" width=\"858\" height=\"570\" src=\"https:\/\/simge-tr.com\/en\/wp-content\/uploads\/2023\/05\/DSC0588.jpg\" class=\"attachment-full size-full wp-post-image\" alt=\"\" \/><\/a><div style=\"padding-bottom:42.8571%\"><\/div><\/div><div class=\"w-vwrapper usg_vwrapper_1 align_none valign_top\"><h6 class=\"w-post-elm post_title usg_post_title_1 has_text_color entry-title color_link_inherit\"><a href=\"https:\/\/simge-tr.com\/en\/aluexpo-2020\/\">AluExpo 2020<\/a><\/h6><p class=\"w-text usg_text_2 has_text_color no_text icon_atleft\"><a href=\"https:\/\/simge-tr.com\/en\/aluexpo-2020\/\" aria-label=\"Link\" class=\"w-text-h\"><i class=\"fas fa-caret-square-right\"><\/i><span class=\"w-text-value\"><\/span><\/a><\/p><\/div>\t\t<\/div>\r\n\t\t\t<\/article>\r\n\t<article class=\"w-grid-item size_1x1 post-9116 post type-post status-publish format-standard has-post-thumbnail hentry category-automation-fair\" data-id=\"9116\">\r\n\t\t<div class=\"w-grid-item-h\">\r\n\t\t\t\t\t\t<div class=\"w-post-elm post_image usg_post_image_1 has_ratio\"><a href=\"https:\/\/simge-tr.com\/en\/win-automation-2021\/\" aria-label=\"WIN Automation 2021\"><img loading=\"lazy\" decoding=\"async\" width=\"858\" height=\"570\" src=\"https:\/\/simge-tr.com\/en\/wp-content\/uploads\/2023\/05\/DSC0586.jpg\" class=\"attachment-full size-full wp-post-image\" alt=\"\" \/><\/a><div style=\"padding-bottom:42.8571%\"><\/div><\/div><div class=\"w-vwrapper usg_vwrapper_1 align_none valign_top\"><h6 class=\"w-post-elm post_title usg_post_title_1 has_text_color entry-title color_link_inherit\"><a href=\"https:\/\/simge-tr.com\/en\/win-automation-2021\/\">WIN Automation 2021<\/a><\/h6><p class=\"w-text usg_text_2 has_text_color no_text icon_atleft\"><a href=\"https:\/\/simge-tr.com\/en\/win-automation-2021\/\" aria-label=\"Link\" class=\"w-text-h\"><i class=\"fas fa-caret-square-right\"><\/i><span class=\"w-text-value\"><\/span><\/a><\/p><\/div>\t\t<\/div>\r\n\t\t\t<\/article>\r\n\t<article class=\"w-grid-item size_1x1 post-9081 post type-post status-publish format-standard has-post-thumbnail hentry category-aluminum-fair\" data-id=\"9081\">\r\n\t\t<div class=\"w-grid-item-h\">\r\n\t\t\t\t\t\t<div class=\"w-post-elm post_image usg_post_image_1 has_ratio\"><a href=\"https:\/\/simge-tr.com\/en\/aluexpo-2022-turkiye\/\" aria-label=\"Aluexpo 2022 &#8211; Turkey\"><img loading=\"lazy\" decoding=\"async\" width=\"1024\" height=\"768\" src=\"https:\/\/simge-tr.com\/en\/wp-content\/uploads\/2023\/05\/023-06-05.jpg\" class=\"attachment-full size-full wp-post-image\" alt=\"\" \/><\/a><div style=\"padding-bottom:42.8571%\"><\/div><\/div><div class=\"w-vwrapper usg_vwrapper_1 align_none valign_top\"><h6 class=\"w-post-elm post_title usg_post_title_1 has_text_color entry-title color_link_inherit\"><a href=\"https:\/\/simge-tr.com\/en\/aluexpo-2022-turkiye\/\">Aluexpo 2022 &#8211; Turkey<\/a><\/h6><p class=\"w-text usg_text_2 has_text_color no_text icon_atleft\"><a href=\"https:\/\/simge-tr.com\/en\/aluexpo-2022-turkiye\/\" aria-label=\"Link\" class=\"w-text-h\"><i class=\"fas fa-caret-square-right\"><\/i><span class=\"w-text-value\"><\/span><\/a><\/p><\/div>\t\t<\/div>\r\n\t\t\t<\/article>\r\n\t<article class=\"w-grid-item size_1x1 post-10193 post type-post status-publish format-standard has-post-thumbnail hentry category-aluminum-fair\" data-id=\"10193\">\r\n\t\t<div class=\"w-grid-item-h\">\r\n\t\t\t\t\t\t<div class=\"w-post-elm post_image usg_post_image_1 has_ratio\"><a href=\"https:\/\/simge-tr.com\/en\/aluminium-2022-almanya\/\" aria-label=\"Aluminium 2022 &#8211; Germany\"><img loading=\"lazy\" decoding=\"async\" width=\"800\" height=\"638\" src=\"https:\/\/simge-tr.com\/en\/wp-content\/uploads\/2023\/07\/IMG-20230605-WA0009-e1734424401616.jpg\" class=\"attachment-full size-full wp-post-image\" alt=\"\" \/><\/a><div style=\"padding-bottom:42.8571%\"><\/div><\/div><div class=\"w-vwrapper usg_vwrapper_1 align_none valign_top\"><h6 class=\"w-post-elm post_title usg_post_title_1 has_text_color entry-title color_link_inherit\"><a href=\"https:\/\/simge-tr.com\/en\/aluminium-2022-almanya\/\">Aluminium 2022 &#8211; Germany<\/a><\/h6><p class=\"w-text usg_text_2 has_text_color no_text icon_atleft\"><a href=\"https:\/\/simge-tr.com\/en\/aluminium-2022-almanya\/\" aria-label=\"Link\" class=\"w-text-h\"><i class=\"fas fa-caret-square-right\"><\/i><span class=\"w-text-value\"><\/span><\/a><\/p><\/div>\t\t<\/div>\r\n\t\t\t<\/article>\r\n\t<article class=\"w-grid-item size_1x1 post-12442 post type-post status-publish format-standard has-post-thumbnail hentry category-aluminum-fair\" data-id=\"12442\">\r\n\t\t<div class=\"w-grid-item-h\">\r\n\t\t\t\t\t\t<div class=\"w-post-elm post_image usg_post_image_1 has_ratio\"><a href=\"https:\/\/simge-tr.com\/en\/aluexpo-2024-turkey\/\" aria-label=\"Aluexpo 2024 &#8211; Turkey\"><img loading=\"lazy\" decoding=\"async\" width=\"849\" height=\"464\" src=\"https:\/\/simge-tr.com\/en\/wp-content\/uploads\/2024\/12\/IMG-20241217-WA0017-e1734424113411.jpg\" class=\"attachment-full size-full wp-post-image\" alt=\"\" \/><\/a><div style=\"padding-bottom:42.8571%\"><\/div><\/div><div class=\"w-vwrapper usg_vwrapper_1 align_none valign_top\"><h6 class=\"w-post-elm post_title usg_post_title_1 has_text_color entry-title color_link_inherit\"><a href=\"https:\/\/simge-tr.com\/en\/aluexpo-2024-turkey\/\">Aluexpo 2024 &#8211; Turkey<\/a><\/h6><p class=\"w-text usg_text_2 has_text_color no_text icon_atleft\"><a href=\"https:\/\/simge-tr.com\/en\/aluexpo-2024-turkey\/\" aria-label=\"Link\" class=\"w-text-h\"><i class=\"fas fa-caret-square-right\"><\/i><span class=\"w-text-value\"><\/span><\/a><\/p><\/div>\t\t<\/div>\r\n\t\t\t<\/article>\r\n<\/div><div class=\"w-grid-preloader\">\t<div class=\"g-preloader type_2\">\r\n\t\t<div><\/div>\r\n\t<\/div>\r\n\t<\/div>\t<div class=\"w-grid-json hidden\" onclick='return {&quot;action&quot;:&quot;us_ajax_grid&quot;,&quot;infinite_scroll&quot;:0,&quot;max_num_pages&quot;:1,&quot;pagination&quot;:&quot;none&quot;,&quot;template_vars&quot;:{&quot;columns&quot;:&quot;3&quot;,&quot;exclude_items&quot;:&quot;none&quot;,&quot;img_size&quot;:&quot;default&quot;,&quot;ignore_items_size&quot;:0,&quot;items_layout&quot;:&quot;9481&quot;,&quot;items_offset&quot;:&quot;1&quot;,&quot;load_animation&quot;:&quot;none&quot;,&quot;overriding_link&quot;:&quot;%7B%22url%22%3A%22%22%7D&quot;,&quot;post_id&quot;:0,&quot;query_args&quot;:{&quot;posts_per_page&quot;:&quot;50&quot;},&quot;orderby_query_args&quot;:{&quot;orderby&quot;:{&quot;date&quot;:&quot;ASC&quot;}},&quot;type&quot;:&quot;grid&quot;,&quot;us_grid_post_type&quot;:&quot;hizmetlerimiz&quot;,&quot;us_grid_ajax_index&quot;:1,&quot;us_grid_filter_query_string&quot;:null,&quot;us_grid_index&quot;:1,&quot;page_args&quot;:[]}}'><\/div>\r\n\t<\/div><\/div><\/div><\/div><\/div><\/section>\n","protected":false},"excerpt":{"rendered":"","protected":false},"author":1,"featured_media":11121,"parent":0,"menu_order":0,"comment_status":"closed","ping_status":"closed","template":"","meta":{"_acf_changed":false,"footnotes":""},"class_list":["post-11324","page","type-page","status-publish","has-post-thumbnail","hentry"],"acf":[],"yoast_head":"<!-- This site is optimized with the Yoast SEO plugin v24.1 - https:\/\/yoast.com\/wordpress\/plugins\/seo\/ -->\n<title>Services - Simge End\u00fcstriyel M\u00fchendislik<\/title>\n<meta name=\"robots\" content=\"index, follow, max-snippet:-1, max-image-preview:large, max-video-preview:-1\" \/>\n<link rel=\"canonical\" href=\"https:\/\/simge-tr.com\/en\/services\/\" \/>\n<meta property=\"og:locale\" content=\"en_US\" \/>\n<meta property=\"og:type\" content=\"article\" \/>\n<meta property=\"og:title\" content=\"Services - Simge End\u00fcstriyel M\u00fchendislik\" \/>\n<meta property=\"og:url\" content=\"https:\/\/simge-tr.com\/en\/services\/\" \/>\n<meta property=\"og:site_name\" content=\"Simge End\u00fcstriyel M\u00fchendislik\" \/>\n<meta property=\"article:modified_time\" content=\"2025-05-06T14:37:08+00:00\" \/>\n<meta property=\"og:image\" content=\"https:\/\/simge-tr.com\/en\/wp-content\/uploads\/2023\/10\/tav-firin-2-e1734330103270.jpg\" \/>\n\t<meta property=\"og:image:width\" content=\"900\" \/>\n\t<meta property=\"og:image:height\" content=\"504\" \/>\n\t<meta property=\"og:image:type\" content=\"image\/jpeg\" \/>\n<meta name=\"twitter:card\" content=\"summary_large_image\" \/>\n<meta name=\"twitter:label1\" content=\"Est. reading time\" \/>\n\t<meta name=\"twitter:data1\" content=\"2 minutes\" \/>\n<script type=\"application\/ld+json\" class=\"yoast-schema-graph\">{\"@context\":\"https:\/\/schema.org\",\"@graph\":[{\"@type\":\"WebPage\",\"@id\":\"https:\/\/simge-tr.com\/en\/services\/\",\"url\":\"https:\/\/simge-tr.com\/en\/services\/\",\"name\":\"Services - Simge End\u00fcstriyel M\u00fchendislik\",\"isPartOf\":{\"@id\":\"https:\/\/simge-tr.com\/en\/#website\"},\"primaryImageOfPage\":{\"@id\":\"https:\/\/simge-tr.com\/en\/services\/#primaryimage\"},\"image\":{\"@id\":\"https:\/\/simge-tr.com\/en\/services\/#primaryimage\"},\"thumbnailUrl\":\"https:\/\/simge-tr.com\/en\/wp-content\/uploads\/2023\/10\/tav-firin-2-e1734330103270.jpg\",\"datePublished\":\"2023-12-01T14:51:45+00:00\",\"dateModified\":\"2025-05-06T14:37:08+00:00\",\"breadcrumb\":{\"@id\":\"https:\/\/simge-tr.com\/en\/services\/#breadcrumb\"},\"inLanguage\":\"en-US\",\"potentialAction\":[{\"@type\":\"ReadAction\",\"target\":[\"https:\/\/simge-tr.com\/en\/services\/\"]}]},{\"@type\":\"ImageObject\",\"inLanguage\":\"en-US\",\"@id\":\"https:\/\/simge-tr.com\/en\/services\/#primaryimage\",\"url\":\"https:\/\/simge-tr.com\/en\/wp-content\/uploads\/2023\/10\/tav-firin-2-e1734330103270.jpg\",\"contentUrl\":\"https:\/\/simge-tr.com\/en\/wp-content\/uploads\/2023\/10\/tav-firin-2-e1734330103270.jpg\",\"width\":900,\"height\":504},{\"@type\":\"BreadcrumbList\",\"@id\":\"https:\/\/simge-tr.com\/en\/services\/#breadcrumb\",\"itemListElement\":[{\"@type\":\"ListItem\",\"position\":1,\"name\":\"Home\",\"item\":\"https:\/\/simge-tr.com\/en\/\"},{\"@type\":\"ListItem\",\"position\":2,\"name\":\"Services\"}]},{\"@type\":\"WebSite\",\"@id\":\"https:\/\/simge-tr.com\/en\/#website\",\"url\":\"https:\/\/simge-tr.com\/en\/\",\"name\":\"Simge End\u00fcstriyel M\u00fchendislik\",\"description\":\"\",\"potentialAction\":[{\"@type\":\"SearchAction\",\"target\":{\"@type\":\"EntryPoint\",\"urlTemplate\":\"https:\/\/simge-tr.com\/en\/?s={search_term_string}\"},\"query-input\":{\"@type\":\"PropertyValueSpecification\",\"valueRequired\":true,\"valueName\":\"search_term_string\"}}],\"inLanguage\":\"en-US\"}]}<\/script>\n<!-- \/ Yoast SEO plugin. -->","yoast_head_json":{"title":"Services - Simge End\u00fcstriyel M\u00fchendislik","robots":{"index":"index","follow":"follow","max-snippet":"max-snippet:-1","max-image-preview":"max-image-preview:large","max-video-preview":"max-video-preview:-1"},"canonical":"https:\/\/simge-tr.com\/en\/services\/","og_locale":"en_US","og_type":"article","og_title":"Services - Simge End\u00fcstriyel M\u00fchendislik","og_url":"https:\/\/simge-tr.com\/en\/services\/","og_site_name":"Simge End\u00fcstriyel M\u00fchendislik","article_modified_time":"2025-05-06T14:37:08+00:00","og_image":[{"width":900,"height":504,"url":"https:\/\/simge-tr.com\/en\/wp-content\/uploads\/2023\/10\/tav-firin-2-e1734330103270.jpg","type":"image\/jpeg"}],"twitter_card":"summary_large_image","twitter_misc":{"Est. reading time":"2 minutes"},"schema":{"@context":"https:\/\/schema.org","@graph":[{"@type":"WebPage","@id":"https:\/\/simge-tr.com\/en\/services\/","url":"https:\/\/simge-tr.com\/en\/services\/","name":"Services - Simge End\u00fcstriyel M\u00fchendislik","isPartOf":{"@id":"https:\/\/simge-tr.com\/en\/#website"},"primaryImageOfPage":{"@id":"https:\/\/simge-tr.com\/en\/services\/#primaryimage"},"image":{"@id":"https:\/\/simge-tr.com\/en\/services\/#primaryimage"},"thumbnailUrl":"https:\/\/simge-tr.com\/en\/wp-content\/uploads\/2023\/10\/tav-firin-2-e1734330103270.jpg","datePublished":"2023-12-01T14:51:45+00:00","dateModified":"2025-05-06T14:37:08+00:00","breadcrumb":{"@id":"https:\/\/simge-tr.com\/en\/services\/#breadcrumb"},"inLanguage":"en-US","potentialAction":[{"@type":"ReadAction","target":["https:\/\/simge-tr.com\/en\/services\/"]}]},{"@type":"ImageObject","inLanguage":"en-US","@id":"https:\/\/simge-tr.com\/en\/services\/#primaryimage","url":"https:\/\/simge-tr.com\/en\/wp-content\/uploads\/2023\/10\/tav-firin-2-e1734330103270.jpg","contentUrl":"https:\/\/simge-tr.com\/en\/wp-content\/uploads\/2023\/10\/tav-firin-2-e1734330103270.jpg","width":900,"height":504},{"@type":"BreadcrumbList","@id":"https:\/\/simge-tr.com\/en\/services\/#breadcrumb","itemListElement":[{"@type":"ListItem","position":1,"name":"Home","item":"https:\/\/simge-tr.com\/en\/"},{"@type":"ListItem","position":2,"name":"Services"}]},{"@type":"WebSite","@id":"https:\/\/simge-tr.com\/en\/#website","url":"https:\/\/simge-tr.com\/en\/","name":"Simge End\u00fcstriyel M\u00fchendislik","description":"","potentialAction":[{"@type":"SearchAction","target":{"@type":"EntryPoint","urlTemplate":"https:\/\/simge-tr.com\/en\/?s={search_term_string}"},"query-input":{"@type":"PropertyValueSpecification","valueRequired":true,"valueName":"search_term_string"}}],"inLanguage":"en-US"}]}},"_links":{"self":[{"href":"https:\/\/simge-tr.com\/en\/wp-json\/wp\/v2\/pages\/11324","targetHints":{"allow":["GET"]}}],"collection":[{"href":"https:\/\/simge-tr.com\/en\/wp-json\/wp\/v2\/pages"}],"about":[{"href":"https:\/\/simge-tr.com\/en\/wp-json\/wp\/v2\/types\/page"}],"author":[{"embeddable":true,"href":"https:\/\/simge-tr.com\/en\/wp-json\/wp\/v2\/users\/1"}],"replies":[{"embeddable":true,"href":"https:\/\/simge-tr.com\/en\/wp-json\/wp\/v2\/comments?post=11324"}],"version-history":[{"count":7,"href":"https:\/\/simge-tr.com\/en\/wp-json\/wp\/v2\/pages\/11324\/revisions"}],"predecessor-version":[{"id":12366,"href":"https:\/\/simge-tr.com\/en\/wp-json\/wp\/v2\/pages\/11324\/revisions\/12366"}],"wp:featuredmedia":[{"embeddable":true,"href":"https:\/\/simge-tr.com\/en\/wp-json\/wp\/v2\/media\/11121"}],"wp:attachment":[{"href":"https:\/\/simge-tr.com\/en\/wp-json\/wp\/v2\/media?parent=11324"}],"curies":[{"name":"wp","href":"https:\/\/api.w.org\/{rel}","templated":true}]}}