{"id":8309,"date":"2023-05-18T10:20:44","date_gmt":"2023-05-18T07:20:44","guid":{"rendered":"https:\/\/simge-tr.com\/en\/?page_id=8309"},"modified":"2025-05-06T17:37:06","modified_gmt":"2025-05-06T14:37:06","slug":"about-simge","status":"publish","type":"page","link":"https:\/\/simge-tr.com\/en\/about-simge\/","title":{"rendered":"About SIMGE"},"content":{"rendered":"<section class=\"l-section wpb_row height_small width_custom\" style=\"--site-content-width:1320px;\"><div class=\"l-section-h i-cf\"><div class=\"g-cols vc_row via_grid cols_1 laptops-cols_inherit tablets-cols_inherit mobiles-cols_1 valign_top type_default stacking_default\"><div class=\"wpb_column vc_column_container\"><div class=\"vc_column-inner\"><div class=\"w-separator size_medium\"><\/div><div class=\"g-cols wpb_row via_grid cols_2 laptops-cols_inherit tablets-cols_inherit mobiles-cols_1 valign_middle type_default stacking_default\" style=\"--gap:5rem;\"><div class=\"wpb_column vc_column_container\"><div class=\"vc_column-inner\"><div class=\"w-image has_ratio align_none\"><div class=\"w-image-h\"><div style=\"padding-bottom:100%\"><\/div><img decoding=\"async\" width=\"800\" height=\"592\" src=\"https:\/\/simge-tr.com\/en\/wp-content\/uploads\/2023\/05\/hakkimizda-1.png\" class=\"attachment-full size-full\" alt=\"\" loading=\"lazy\" \/><\/div><\/div><\/div><\/div><div class=\"wpb_column vc_column_container\"><div class=\"vc_column-inner\"><div class=\"wpb_text_column\"><div class=\"wpb_wrapper\"><h4><strong>S\u0130MGE END\u00dcSTR\u0130YEL M\u00dcHEND\u0130SL\u0130K<\/strong><\/h4>\n<p>SIMGE started his career in 1991 with the production of DC drives. For a while, SIMGE successfully carried out project design, commissioning, and technical service operations required for this production, making a significant contribution to the Turkish industry. With the development of industry in Turkey, SIMGE realized the gap for engineering firms capable of implementing complete factory automation and decided to stop DC drive manufacturing and focus on providing complete automation solutions. Combining the products of globally specialized companies in industrial drives and automation with years of knowledge and experience, SIMGE successfully completed significant projects by carrying out complete machine installations and automation.<\/p>\n<p>In factory installation and automation works, aimed to support the competitiveness of our industrial enterprises in international markets by prioritizing quality, efficiency, and occupational safety in production rather than luxury configurations. Currently, with his experienced team, continues to provide services in system solution recommendations, consulting, project design, software, assembly, commissioning, service, and product sales for industrial facilities. It has successfully carried out complete factory installation projects, especially in the aluminum, copper, iron, and steel sectors, both domestically and internationally. Also started mechanical manufacturing in 2008, becoming a company that offers complete solutions in both mechanical and automation fields in the industry with the experience and strong team built over the years.<\/p>\n<blockquote>\n<p>Great technologies are always based on perfect relationship.<\/p>\n<\/blockquote>\n<p style=\"text-align: right;\"><strong>Murat Ayd\u0131n<\/strong><br \/>\n<strong>Simge End\u00fcstriyel M\u00fchendislik<\/strong><\/p>\n<\/div><\/div><\/div><\/div><\/div><div class=\"w-separator size_large\"><\/div><\/div><\/div><\/div><\/div><\/section><section class=\"l-section wpb_row us_custom_6df4bc3a has_text_color height_large width_custom with_video\" style=\"--site-content-width:1190px;\"><div id=\"us_bg_video_ra4d\" class=\"l-section-video\"><script>!function(w){var node = document.getElementById( 'us_bg_video_ra4d' );if ( w.innerWidth <= 300 ) { node.remove() }}(window);<\/script><style>@media(max-width:300px){#us_bg_video_ra4d{display:none!important}}<\/style><video  autoplay loop muted playsinline preload=\"auto\"><source type=\"video\/mp4\" src=\"https:\/\/simge-tr.com\/en\/wp-content\/uploads\/2023\/09\/video.mp4\" \/><\/video><\/div><div class=\"l-section-overlay\" style=\"background:rgba(0,0,0,0.70)\"><\/div><div class=\"l-section-h i-cf\"><div class=\"g-cols vc_row via_grid cols_1 laptops-cols_inherit tablets-cols_inherit mobiles-cols_1 valign_top type_default stacking_default\"><div class=\"wpb_column vc_column_container\"><div class=\"vc_column-inner\"><div class=\"w-separator size_small\"><\/div><div class=\"g-cols wpb_row via_grid cols_3 laptops-cols_inherit tablets-cols_inherit mobiles-cols_1 valign_top type_default stacking_default\" style=\"--gap:3rem;\"><div class=\"wpb_column vc_column_container\"><div class=\"vc_column-inner\"><\/div><\/div><div class=\"wpb_column vc_column_container\"><div class=\"vc_column-inner\"><div class=\"w-separator us_custom_4ddf2050 has_text_color size_custom with_line width_30 thick_4 style_solid color_border align_center\" style=\"height:20px\"><div class=\"w-separator-h\"><\/div><\/div><\/div><\/div><div class=\"wpb_column vc_column_container\"><div class=\"vc_column-inner\"><\/div><\/div><\/div><div class=\"g-cols wpb_row via_grid cols_1 laptops-cols_inherit tablets-cols_inherit mobiles-cols_1 valign_middle type_default stacking_default\" style=\"--gap:3rem;\"><div class=\"wpb_column vc_column_container\"><div class=\"vc_column-inner\"><div class=\"wpb_text_column\"><div class=\"wpb_wrapper\"><h3 style=\"text-align: center;\">Pioneer in Innovation, Quality, and Reliability<\/h3>\n<p style=\"text-align: center;\">Simge Industrial Engineering has been a leading name in the industrial sector for over 20 years, delivering high-quality, reliable, and innovative solutions to its customers. Our company specializes in engineering solutions, automation systems, and the design, production, and maintenance of factory equipment.<\/p>\n<\/div><\/div><\/div><\/div><\/div><div class=\"w-separator size_small\"><\/div><\/div><\/div><\/div><\/div><\/section><section class=\"l-section wpb_row height_large width_custom\" style=\"--site-content-width:1400px;\"><div class=\"l-section-h i-cf\"><div class=\"g-cols vc_row via_grid cols_1 laptops-cols_inherit tablets-cols_inherit mobiles-cols_1 valign_top type_default stacking_default\"><div class=\"wpb_column vc_column_container\"><div class=\"vc_column-inner\"><div class=\"g-cols wpb_row via_grid cols_2 laptops-cols_inherit tablets-cols_inherit mobiles-cols_1 valign_top type_default stacking_default\" style=\"--gap:5rem;\"><div class=\"wpb_column vc_column_container us_custom_c5704eea\"><div class=\"vc_column-inner\"><div class=\"w-image has_ratio align_none\"><div class=\"w-image-h\"><div style=\"padding-bottom:33.3333%\"><\/div><img decoding=\"async\" width=\"1700\" height=\"944\" src=\"https:\/\/simge-tr.com\/en\/wp-content\/uploads\/2023\/05\/baslik.jpg\" class=\"attachment-full size-full\" alt=\"\" loading=\"lazy\" \/><\/div><\/div><div class=\"w-separator size_small\"><\/div><div class=\"wpb_text_column\"><div class=\"wpb_wrapper\"><h4 style=\"text-align: center;\"><strong>Our Vision<\/strong><\/h4>\n<\/div><\/div><div class=\"w-separator size_custom\" style=\"height:10px\"><\/div><div class=\"wpb_text_column us_custom_38ec8cf5\"><div class=\"wpb_wrapper\"><p style=\"text-align: center;\">To produce innovative, reliable, efficient and sustainable projects in accordance international standarts<\/p>\n<\/div><\/div><div class=\"w-separator size_custom\" style=\"height:10px\"><\/div><\/div><\/div><div class=\"wpb_column vc_column_container us_custom_c5704eea\"><div class=\"vc_column-inner\"><div class=\"w-image has_ratio align_none\"><div class=\"w-image-h\"><div style=\"padding-bottom:33.3333%\"><\/div><img decoding=\"async\" width=\"1500\" height=\"1173\" src=\"https:\/\/simge-tr.com\/en\/wp-content\/uploads\/2023\/05\/slider-1.jpg\" class=\"attachment-full size-full\" alt=\"\" loading=\"lazy\" \/><\/div><\/div><div class=\"w-separator size_small\"><\/div><div class=\"wpb_text_column\"><div class=\"wpb_wrapper\"><h4 style=\"text-align: center;\"><strong>Our Mission<\/strong><\/h4>\n<\/div><\/div><div class=\"w-separator size_custom\" style=\"height:10px\"><\/div><div class=\"wpb_text_column us_custom_38ec8cf5\"><div class=\"wpb_wrapper\"><p style=\"text-align: center;\">Helping the world industry\u2019s fast and qualitative development with the experienced and professional staff who achive the ever-first successes.<\/p>\n<\/div><\/div><div class=\"w-separator size_custom\" style=\"height:10px\"><\/div><\/div><\/div><\/div><\/div><\/div><\/div><\/div><\/section>\n","protected":false},"excerpt":{"rendered":"S\u0130MGE END\u00dcSTR\u0130YEL M\u00dcHEND\u0130SL\u0130K SIMGE started his career in 1991 with the production of DC drives. For a while, SIMGE successfully carried out project design, commissioning, and technical service operations required for this production, making a significant contribution to the Turkish industry. With the development of industry in Turkey, SIMGE realized the gap for engineering firms...","protected":false},"author":1,"featured_media":8447,"parent":0,"menu_order":0,"comment_status":"closed","ping_status":"closed","template":"","meta":{"_acf_changed":false,"footnotes":""},"class_list":["post-8309","page","type-page","status-publish","has-post-thumbnail","hentry"],"acf":[],"yoast_head":"<!-- This site is optimized with the Yoast SEO plugin v24.1 - https:\/\/yoast.com\/wordpress\/plugins\/seo\/ -->\n<title>About SIMGE - Simge End\u00fcstriyel M\u00fchendislik<\/title>\n<meta name=\"robots\" content=\"index, follow, max-snippet:-1, max-image-preview:large, max-video-preview:-1\" \/>\n<link rel=\"canonical\" href=\"https:\/\/simge-tr.com\/en\/about-simge\/\" \/>\n<meta property=\"og:locale\" content=\"en_US\" \/>\n<meta property=\"og:type\" content=\"article\" \/>\n<meta property=\"og:title\" content=\"About SIMGE - Simge End\u00fcstriyel M\u00fchendislik\" \/>\n<meta property=\"og:url\" content=\"https:\/\/simge-tr.com\/en\/about-simge\/\" \/>\n<meta property=\"og:site_name\" content=\"Simge End\u00fcstriyel M\u00fchendislik\" \/>\n<meta property=\"article:modified_time\" content=\"2025-05-06T14:37:06+00:00\" \/>\n<meta property=\"og:image\" content=\"https:\/\/simge-tr.com\/en\/wp-content\/uploads\/2023\/05\/ED314FA7E05F476F989FA4E28507FE7B.jpeg\" \/>\n\t<meta property=\"og:image:width\" content=\"1300\" \/>\n\t<meta property=\"og:image:height\" content=\"975\" \/>\n\t<meta property=\"og:image:type\" content=\"image\/jpeg\" \/>\n<meta name=\"twitter:card\" content=\"summary_large_image\" \/>\n<meta name=\"twitter:label1\" content=\"Est. reading time\" \/>\n\t<meta name=\"twitter:data1\" content=\"4 minutes\" \/>\n<script type=\"application\/ld+json\" class=\"yoast-schema-graph\">{\"@context\":\"https:\/\/schema.org\",\"@graph\":[{\"@type\":\"WebPage\",\"@id\":\"https:\/\/simge-tr.com\/en\/about-simge\/\",\"url\":\"https:\/\/simge-tr.com\/en\/about-simge\/\",\"name\":\"About SIMGE - Simge End\u00fcstriyel M\u00fchendislik\",\"isPartOf\":{\"@id\":\"https:\/\/simge-tr.com\/en\/#website\"},\"primaryImageOfPage\":{\"@id\":\"https:\/\/simge-tr.com\/en\/about-simge\/#primaryimage\"},\"image\":{\"@id\":\"https:\/\/simge-tr.com\/en\/about-simge\/#primaryimage\"},\"thumbnailUrl\":\"https:\/\/simge-tr.com\/en\/wp-content\/uploads\/2023\/05\/ED314FA7E05F476F989FA4E28507FE7B.jpeg\",\"datePublished\":\"2023-05-18T07:20:44+00:00\",\"dateModified\":\"2025-05-06T14:37:06+00:00\",\"breadcrumb\":{\"@id\":\"https:\/\/simge-tr.com\/en\/about-simge\/#breadcrumb\"},\"inLanguage\":\"en-US\",\"potentialAction\":[{\"@type\":\"ReadAction\",\"target\":[\"https:\/\/simge-tr.com\/en\/about-simge\/\"]}]},{\"@type\":\"ImageObject\",\"inLanguage\":\"en-US\",\"@id\":\"https:\/\/simge-tr.com\/en\/about-simge\/#primaryimage\",\"url\":\"https:\/\/simge-tr.com\/en\/wp-content\/uploads\/2023\/05\/ED314FA7E05F476F989FA4E28507FE7B.jpeg\",\"contentUrl\":\"https:\/\/simge-tr.com\/en\/wp-content\/uploads\/2023\/05\/ED314FA7E05F476F989FA4E28507FE7B.jpeg\",\"width\":1300,\"height\":975},{\"@type\":\"BreadcrumbList\",\"@id\":\"https:\/\/simge-tr.com\/en\/about-simge\/#breadcrumb\",\"itemListElement\":[{\"@type\":\"ListItem\",\"position\":1,\"name\":\"Home\",\"item\":\"https:\/\/simge-tr.com\/en\/\"},{\"@type\":\"ListItem\",\"position\":2,\"name\":\"About SIMGE\"}]},{\"@type\":\"WebSite\",\"@id\":\"https:\/\/simge-tr.com\/en\/#website\",\"url\":\"https:\/\/simge-tr.com\/en\/\",\"name\":\"Simge End\u00fcstriyel M\u00fchendislik\",\"description\":\"\",\"potentialAction\":[{\"@type\":\"SearchAction\",\"target\":{\"@type\":\"EntryPoint\",\"urlTemplate\":\"https:\/\/simge-tr.com\/en\/?s={search_term_string}\"},\"query-input\":{\"@type\":\"PropertyValueSpecification\",\"valueRequired\":true,\"valueName\":\"search_term_string\"}}],\"inLanguage\":\"en-US\"}]}<\/script>\n<!-- \/ Yoast SEO plugin. -->","yoast_head_json":{"title":"About SIMGE - Simge End\u00fcstriyel M\u00fchendislik","robots":{"index":"index","follow":"follow","max-snippet":"max-snippet:-1","max-image-preview":"max-image-preview:large","max-video-preview":"max-video-preview:-1"},"canonical":"https:\/\/simge-tr.com\/en\/about-simge\/","og_locale":"en_US","og_type":"article","og_title":"About SIMGE - Simge End\u00fcstriyel M\u00fchendislik","og_url":"https:\/\/simge-tr.com\/en\/about-simge\/","og_site_name":"Simge End\u00fcstriyel M\u00fchendislik","article_modified_time":"2025-05-06T14:37:06+00:00","og_image":[{"width":1300,"height":975,"url":"https:\/\/simge-tr.com\/en\/wp-content\/uploads\/2023\/05\/ED314FA7E05F476F989FA4E28507FE7B.jpeg","type":"image\/jpeg"}],"twitter_card":"summary_large_image","twitter_misc":{"Est. reading time":"4 minutes"},"schema":{"@context":"https:\/\/schema.org","@graph":[{"@type":"WebPage","@id":"https:\/\/simge-tr.com\/en\/about-simge\/","url":"https:\/\/simge-tr.com\/en\/about-simge\/","name":"About SIMGE - Simge End\u00fcstriyel M\u00fchendislik","isPartOf":{"@id":"https:\/\/simge-tr.com\/en\/#website"},"primaryImageOfPage":{"@id":"https:\/\/simge-tr.com\/en\/about-simge\/#primaryimage"},"image":{"@id":"https:\/\/simge-tr.com\/en\/about-simge\/#primaryimage"},"thumbnailUrl":"https:\/\/simge-tr.com\/en\/wp-content\/uploads\/2023\/05\/ED314FA7E05F476F989FA4E28507FE7B.jpeg","datePublished":"2023-05-18T07:20:44+00:00","dateModified":"2025-05-06T14:37:06+00:00","breadcrumb":{"@id":"https:\/\/simge-tr.com\/en\/about-simge\/#breadcrumb"},"inLanguage":"en-US","potentialAction":[{"@type":"ReadAction","target":["https:\/\/simge-tr.com\/en\/about-simge\/"]}]},{"@type":"ImageObject","inLanguage":"en-US","@id":"https:\/\/simge-tr.com\/en\/about-simge\/#primaryimage","url":"https:\/\/simge-tr.com\/en\/wp-content\/uploads\/2023\/05\/ED314FA7E05F476F989FA4E28507FE7B.jpeg","contentUrl":"https:\/\/simge-tr.com\/en\/wp-content\/uploads\/2023\/05\/ED314FA7E05F476F989FA4E28507FE7B.jpeg","width":1300,"height":975},{"@type":"BreadcrumbList","@id":"https:\/\/simge-tr.com\/en\/about-simge\/#breadcrumb","itemListElement":[{"@type":"ListItem","position":1,"name":"Home","item":"https:\/\/simge-tr.com\/en\/"},{"@type":"ListItem","position":2,"name":"About SIMGE"}]},{"@type":"WebSite","@id":"https:\/\/simge-tr.com\/en\/#website","url":"https:\/\/simge-tr.com\/en\/","name":"Simge End\u00fcstriyel M\u00fchendislik","description":"","potentialAction":[{"@type":"SearchAction","target":{"@type":"EntryPoint","urlTemplate":"https:\/\/simge-tr.com\/en\/?s={search_term_string}"},"query-input":{"@type":"PropertyValueSpecification","valueRequired":true,"valueName":"search_term_string"}}],"inLanguage":"en-US"}]}},"_links":{"self":[{"href":"https:\/\/simge-tr.com\/en\/wp-json\/wp\/v2\/pages\/8309","targetHints":{"allow":["GET"]}}],"collection":[{"href":"https:\/\/simge-tr.com\/en\/wp-json\/wp\/v2\/pages"}],"about":[{"href":"https:\/\/simge-tr.com\/en\/wp-json\/wp\/v2\/types\/page"}],"author":[{"embeddable":true,"href":"https:\/\/simge-tr.com\/en\/wp-json\/wp\/v2\/users\/1"}],"replies":[{"embeddable":true,"href":"https:\/\/simge-tr.com\/en\/wp-json\/wp\/v2\/comments?post=8309"}],"version-history":[{"count":159,"href":"https:\/\/simge-tr.com\/en\/wp-json\/wp\/v2\/pages\/8309\/revisions"}],"predecessor-version":[{"id":12315,"href":"https:\/\/simge-tr.com\/en\/wp-json\/wp\/v2\/pages\/8309\/revisions\/12315"}],"wp:featuredmedia":[{"embeddable":true,"href":"https:\/\/simge-tr.com\/en\/wp-json\/wp\/v2\/media\/8447"}],"wp:attachment":[{"href":"https:\/\/simge-tr.com\/en\/wp-json\/wp\/v2\/media?parent=8309"}],"curies":[{"name":"wp","href":"https:\/\/api.w.org\/{rel}","templated":true}]}}