{"id":8550,"date":"2023-05-22T12:13:44","date_gmt":"2023-05-22T09:13:44","guid":{"rendered":"https:\/\/simge-tr.com\/en\/?page_id=8550"},"modified":"2025-05-06T17:37:06","modified_gmt":"2025-05-06T14:37:06","slug":"contact","status":"publish","type":"page","link":"https:\/\/simge-tr.com\/en\/contact\/","title":{"rendered":"Contact"},"content":{"rendered":"<section class=\"l-section wpb_row height_small width_custom\" style=\"--site-content-width:1400px;\"><div class=\"l-section-h i-cf\"><div class=\"g-cols vc_row via_grid cols_1 laptops-cols_inherit tablets-cols_inherit mobiles-cols_1 valign_top type_default stacking_default\"><div class=\"wpb_column vc_column_container\"><div class=\"vc_column-inner\"><div class=\"w-separator size_large\"><\/div><div class=\"g-cols wpb_row via_grid cols_1-4-1 laptops-cols_inherit tablets-cols_inherit mobiles-cols_1 valign_middle type_default stacking_default\" style=\"--gap:0rem;\"><div class=\"wpb_column vc_column_container us_custom_9e832e69\"><div class=\"vc_column-inner\"><\/div><\/div><div class=\"wpb_column vc_column_container\"><div class=\"vc_column-inner\"><div class=\"wpb_text_column\"><div class=\"wpb_wrapper\"><h3 style=\"text-align: center;\">Contact Form<\/h3>\n<\/div><\/div><div class=\"w-separator size_small\"><\/div><form class=\"w-form  us-field-style_1 layout_ver for_cform us_form_1\" autocomplete=\"off\" action=\"https:\/\/simge-tr.com\/en\/en\/wp-json\/wp\/v2\/pages\/8550\" method=\"post\"><div class=\"w-form-h\"><div class=\"w-form-row for_text required with_icon\">\r\n\t\t<div class=\"w-form-row-field\">\r\n\t\t\t\t<i class=\"fas fa-address-card\"><\/i>\t\t<input aria-label=\"Name Surname\" type=\"text\" name=\"us_form_1_text_1\" value placeholder=\"Name Surname *\" data-required=\"true\" aria-required=\"true\"\/>\r\n\t\t\t<\/div>\r\n\t\t<div class=\"w-form-row-state\">Fill out this field<\/div>\r\n<\/div>\r\n<div class=\"w-form-row for_email required with_icon cols_2\">\r\n\t\t<div class=\"w-form-row-field\">\r\n\t\t\t\t<i class=\"fas fa-envelope-open-text\"><\/i>\t\t<input aria-label=\"E-Mail\" type=\"email\" name=\"us_form_1_email_1\" value placeholder=\"E-Mail *\" data-required=\"true\" aria-required=\"true\"\/>\r\n\t\t\t<\/div>\r\n\t\t<div class=\"w-form-row-state\">Please enter a valid email address.<\/div>\r\n<\/div>\r\n<div class=\"w-form-row for_text required with_icon cols_2\">\r\n\t\t<div class=\"w-form-row-field\">\r\n\t\t\t\t<i class=\"fas fa-phone-alt\"><\/i>\t\t<input aria-label=\"Telephone Number\" inputmode=\"tel\" type=\"text\" name=\"us_form_1_text_2\" value placeholder=\"Telephone Number *\" data-required=\"true\" aria-required=\"true\"\/>\r\n\t\t\t<\/div>\r\n\t\t<div class=\"w-form-row-state\">Fill out this field<\/div>\r\n<\/div>\r\n<div class=\"w-form-row for_select has_label\">\r\n\t\t\t<div class=\"w-form-row-label\">\r\n\t\t\t<span>Please Select Your Department!<\/span>\r\n\t\t<\/div>\r\n\t\t<div class=\"w-form-row-field\">\r\n\t\t\t\t\t\t<select aria-label=\"Please Select Your Department!\" name=\"us_form_1_select_1\">\r\n\t\t\t<option value=\"General\">General<\/option><option value=\"Product Support\/Sales\">Product Support\/Sales<\/option><option value=\"Project Support\/Sales\">Project Support\/Sales<\/option><option value=\"Shuttle Service\">Shuttle Service<\/option>\t\t<\/select>\r\n\t\t\t<\/div>\r\n\t\t<div class=\"w-form-row-state\">Select an option<\/div>\r\n<\/div>\r\n<div class=\"w-form-row for_textarea required with_icon\">\r\n\t\t<div class=\"w-form-row-field\">\r\n\t\t\t\t<i class=\"fas fa-align-justify\"><\/i>\t\t<textarea aria-label=\"Your message\" name=\"us_form_1_textarea_1\" placeholder=\"Your message *\" data-required=\"true\" aria-required=\"true\"><\/textarea>\r\n\t\t\t<\/div>\r\n\t\t<div class=\"w-form-row-state\">Fill out this field<\/div>\r\n<\/div>\r\n<div class=\"w-form-row for_captcha required\">\r\n\t<div class=\"w-form-row-label\">\r\n\t\t<span> <span>16 - 2 = ?<\/span><\/span>\r\n\t<\/div>\r\n\t<div class=\"w-form-row-field\">\r\n\t\t\t\t<input type=\"hidden\" name=\"us_form_1_captcha_1_hash\" value=\"7333e516b0cdd5afe30b4bff653f690d\" \/>\r\n\t\t\t\t<input aria-label=\"us_form_1_captcha_1\" type=\"text\" name=\"us_form_1_captcha_1\" placeholder data-required=\"true\" aria-required=\"true\"\/>\r\n\t\t\t<\/div>\r\n\t\t\t<div class=\"w-form-row-description\">\r\n\t\t\tProve that you are not a robot.\t\t<\/div>\r\n\t\t<div class=\"w-form-row-state\">Enter the equation result to proceed<\/div>\r\n<\/div>\r\n<input type=\"hidden\" name=\"action\" value=\"us_ajax_cform\" \/>\r\n<input type=\"hidden\" name=\"post_id\" value=\"0\" \/>\r\n<input type=\"hidden\" name=\"form_index\" value=\"1\" \/>\r\n<div class=\"w-form-row for_submit align_none\">\r\n\t<button class=\"w-btn icon_atleft us-btn-style_27\" aria-label=\"Submit\" type=\"submit\">\r\n\t\t<span class=\"g-preloader type_1\"><\/span>\r\n\t\t<i class=\"fas fa-paper-plane\"><\/i>\t\t<span class=\"w-btn-label\">Submit<\/span>\r\n\t\t\t<\/button>\r\n\t<\/div>\r\n<\/div><div class=\"w-form-message\"><\/div><div class=\"w-form-json hidden\" onclick='return {&quot;ajaxurl&quot;:&quot;https:\\\/\\\/simge-tr.com\\\/en\\\/wp-admin\\\/admin-ajax.php&quot;,&quot;messages&quot;:{&quot;err_empty&quot;:&quot;Fill out this field&quot;,&quot;err_size&quot;:&quot;File size cannot exceed %s MB&quot;,&quot;err_extension&quot;:&quot;%s file type is not allowed&quot;}}'><\/div><\/form><\/div><\/div><div class=\"wpb_column vc_column_container\"><div class=\"vc_column-inner\"><\/div><\/div><\/div><\/div><\/div><\/div><\/div><\/section><section class=\"l-section wpb_row height_custom width_custom\" style=\"--site-content-width:1400px;\"><div class=\"l-section-h i-cf\"><div class=\"g-cols vc_row via_grid cols_1 laptops-cols_inherit tablets-cols_inherit mobiles-cols_1 valign_top type_default stacking_default\"><div class=\"wpb_column vc_column_container\"><div class=\"vc_column-inner\"><div class=\"g-cols wpb_row via_grid cols_4 laptops-cols_inherit tablets-cols_inherit mobiles-cols_1 valign_middle type_default stacking_default\" style=\"--gap:1.8rem;\"><div class=\"wpb_column vc_column_container\"><div class=\"vc_column-inner\"><div class=\"w-image style_shadow-1 has_ratio align_none\"><div class=\"w-image-h\"><div style=\"padding-bottom:100%\"><\/div><img decoding=\"async\" width=\"1280\" height=\"960\" src=\"https:\/\/simge-tr.com\/en\/wp-content\/uploads\/2023\/05\/architecture-1048092_1280.jpg\" class=\"attachment-full size-full\" alt=\"\" loading=\"lazy\" \/><\/div><\/div><\/div><\/div><div class=\"wpb_column vc_column_container\"><div class=\"vc_column-inner\"><div class=\"w-vwrapper us_custom_acbaabbd align_none valign_justify\" style=\"--vwrapper-gap:1.3rem\"><div class=\"wpb_text_column us_custom_691dacd1 has_text_color\"><div class=\"wpb_wrapper\"><h4 style=\"text-align: center;\">Head Office<\/h4>\n<\/div><\/div><div class=\"w-iconbox us_custom_b7a3db55 iconpos_left style_default color_primary align_left no_text\"><a href=\"tel:+902164890702\" class=\"w-iconbox-link\" aria-label=\"+90 (216) 489 07 02\"><div class=\"w-iconbox-icon\" style=\"font-size:18px;\"><i class=\"far fa-phone-rotary\"><\/i><\/div><\/a><div class=\"w-iconbox-meta\"><a href=\"tel:+902164890702\" class=\"w-iconbox-link\" aria-label=\"+90 (216) 489 07 02\"><div class=\"w-iconbox-title\">+90 (216) 489 07 02<\/div><\/a><\/div><\/div><div class=\"w-iconbox us_custom_b7a3db55 iconpos_left style_default color_primary align_left no_text\"><a href=\"tel:+902164176786\" class=\"w-iconbox-link\" aria-label=\"+90 (216) 417 67 86\"><div class=\"w-iconbox-icon\" style=\"font-size:18px;\"><i class=\"far fa-phone\"><\/i><\/div><\/a><div class=\"w-iconbox-meta\"><a href=\"tel:+902164176786\" class=\"w-iconbox-link\" aria-label=\"+90 (216) 417 67 86\"><div class=\"w-iconbox-title\">+90 (216) 417 67 86<\/div><\/a><\/div><\/div><div class=\"w-iconbox us_custom_b7a3db55 iconpos_left style_default color_primary align_left no_text\"><a href=\"mailto:info@simge-tr.com\" class=\"w-iconbox-link\" aria-label=\"info@simge-tr.com\"><div class=\"w-iconbox-icon\" style=\"font-size:18px;\"><i class=\"far fa-envelope\"><\/i><\/div><\/a><div class=\"w-iconbox-meta\"><a href=\"mailto:info@simge-tr.com\" class=\"w-iconbox-link\" aria-label=\"info@simge-tr.com\"><div class=\"w-iconbox-title\">info@simge-tr.com<\/div><\/a><\/div><\/div><div class=\"w-iconbox us_custom_bb2773e1 iconpos_left style_default color_primary align_left no_text\"><a target=\"_blank\" rel=\"nofollow\" href=\"https:\/\/maps.app.goo.gl\/NV417c9Mf6jf9us98\" class=\"w-iconbox-link\" aria-label=\"Orta Mh. Yeni\u00e7a\u011f Sk. Mutlu Sanayi Sitesi A-10,11 34956 Orhanl\u0131 \/ Tuzla \/ \u0130stanbul\"><div class=\"w-iconbox-icon\" style=\"font-size:18px;\"><i class=\"far fa-map-marker-alt\"><\/i><\/div><\/a><div class=\"w-iconbox-meta\"><a target=\"_blank\" rel=\"nofollow\" href=\"https:\/\/maps.app.goo.gl\/NV417c9Mf6jf9us98\" class=\"w-iconbox-link\" aria-label=\"Orta Mh. Yeni\u00e7a\u011f Sk. Mutlu Sanayi Sitesi A-10,11 34956 Orhanl\u0131 \/ Tuzla \/ \u0130stanbul\"><p class=\"w-iconbox-title\">Orta Mh. Yeni\u00e7a\u011f Sk. Mutlu Sanayi Sitesi A-10,11 34956 Orhanl\u0131 \/ Tuzla \/ \u0130stanbul<\/p><\/a><\/div><\/div><div class=\"w-separator size_small\"><\/div><\/div><\/div><\/div><div class=\"wpb_column vc_column_container\"><div class=\"vc_column-inner\"><div class=\"w-image style_shadow-1 has_ratio align_none\"><div class=\"w-image-h\"><div style=\"padding-bottom:100%\"><\/div><img decoding=\"async\" width=\"1280\" height=\"853\" src=\"https:\/\/simge-tr.com\/en\/wp-content\/uploads\/2023\/05\/architecture-22039_1280.jpg\" class=\"attachment-full size-full\" alt=\"\" loading=\"lazy\" \/><\/div><\/div><\/div><\/div><div class=\"wpb_column vc_column_container\"><div class=\"vc_column-inner\"><div class=\"w-vwrapper us_custom_acbaabbd align_none valign_justify\" style=\"--vwrapper-gap:1.3rem\"><div class=\"wpb_text_column us_custom_3d09edfc has_text_color\"><div class=\"wpb_wrapper\"><h4 style=\"text-align: center;\">Factory<\/h4>\n<\/div><\/div><div class=\"w-iconbox us_custom_b7a3db55 iconpos_left style_default color_primary align_left no_text\"><a href=\"tel:+902625030315\" class=\"w-iconbox-link\" aria-label=\"+90 (262) 503 03 15\"><div class=\"w-iconbox-icon\" style=\"font-size:18px;\"><i class=\"far fa-phone-rotary\"><\/i><\/div><\/a><div class=\"w-iconbox-meta\"><a href=\"tel:+902625030315\" class=\"w-iconbox-link\" aria-label=\"+90 (262) 503 03 15\"><div class=\"w-iconbox-title\">+90 (262) 503 03 15<\/div><\/a><\/div><\/div><div class=\"w-iconbox us_custom_b7a3db55 iconpos_left style_default color_primary align_left no_text\"><a href=\"tel:+902164176786\" class=\"w-iconbox-link\" aria-label=\"+90 (216) 417 67 86\"><div class=\"w-iconbox-icon\" style=\"font-size:18px;\"><i class=\"far fa-phone\"><\/i><\/div><\/a><div class=\"w-iconbox-meta\"><a href=\"tel:+902164176786\" class=\"w-iconbox-link\" aria-label=\"+90 (216) 417 67 86\"><div class=\"w-iconbox-title\">+90 (216) 417 67 86<\/div><\/a><\/div><\/div><div class=\"w-iconbox us_custom_b7a3db55 iconpos_left style_default color_primary align_left no_text\"><a href=\"mailto:info@simge-tr.com\" class=\"w-iconbox-link\" aria-label=\"info@simge-tr.com\"><div class=\"w-iconbox-icon\" style=\"font-size:18px;\"><i class=\"far fa-envelope\"><\/i><\/div><\/a><div class=\"w-iconbox-meta\"><a href=\"mailto:info@simge-tr.com\" class=\"w-iconbox-link\" aria-label=\"info@simge-tr.com\"><div class=\"w-iconbox-title\">info@simge-tr.com<\/div><\/a><\/div><\/div><div class=\"w-iconbox us_custom_b7a3db55 iconpos_left style_default color_primary align_left no_text\"><a target=\"_blank\" rel=\"nofollow\" href=\"https:\/\/goo.gl\/maps\/37ZtrFBNSaCF7vbY8\" class=\"w-iconbox-link\" aria-label=\"Kocaeli KOB OSB \/K\u00f6seler Mah. 8. Sok. 3A 41455 Dilovas\u0131 Kocaeli\"><div class=\"w-iconbox-icon\" style=\"font-size:18px;\"><i class=\"far fa-map-marker-alt\"><\/i><\/div><\/a><div class=\"w-iconbox-meta\"><a target=\"_blank\" rel=\"nofollow\" href=\"https:\/\/goo.gl\/maps\/37ZtrFBNSaCF7vbY8\" class=\"w-iconbox-link\" aria-label=\"Kocaeli KOB OSB \/K\u00f6seler Mah. 8. Sok. 3A 41455 Dilovas\u0131 Kocaeli\"><div class=\"w-iconbox-title\">Kocaeli KOB OSB \/K\u00f6seler Mah. 8. Sok. 3A 41455 Dilovas\u0131 Kocaeli<\/div><\/a><\/div><\/div><div class=\"w-separator size_small\"><\/div><\/div><\/div><\/div><\/div><div class=\"w-separator size_small\"><\/div><\/div><\/div><\/div><\/div><\/section>\n","protected":false},"excerpt":{"rendered":"Contact Form Fill out this field Please enter a valid email address. Fill out this field Please Select Your Department! GeneralProduct Support\/SalesProject Support\/SalesShuttle Service Select an option Fill out this field 23 + 7 = ? Prove that you are not a robot. Enter the equation result to proceed Submit Head Office +90 (216) 489...","protected":false},"author":1,"featured_media":11081,"parent":0,"menu_order":0,"comment_status":"closed","ping_status":"closed","template":"","meta":{"_acf_changed":false,"footnotes":""},"class_list":["post-8550","page","type-page","status-publish","has-post-thumbnail","hentry"],"acf":[],"yoast_head":"<!-- This site is optimized with the Yoast SEO plugin v24.1 - https:\/\/yoast.com\/wordpress\/plugins\/seo\/ -->\n<title>Contact - Simge End\u00fcstriyel M\u00fchendislik<\/title>\n<meta name=\"robots\" content=\"index, follow, max-snippet:-1, max-image-preview:large, max-video-preview:-1\" \/>\n<link rel=\"canonical\" href=\"https:\/\/simge-tr.com\/en\/contact\/\" \/>\n<meta property=\"og:locale\" content=\"en_US\" \/>\n<meta property=\"og:type\" content=\"article\" \/>\n<meta property=\"og:title\" content=\"Contact - Simge End\u00fcstriyel M\u00fchendislik\" \/>\n<meta property=\"og:url\" content=\"https:\/\/simge-tr.com\/en\/contact\/\" \/>\n<meta property=\"og:site_name\" content=\"Simge End\u00fcstriyel M\u00fchendislik\" \/>\n<meta property=\"article:modified_time\" content=\"2025-05-06T14:37:06+00:00\" \/>\n<meta property=\"og:image\" content=\"https:\/\/simge-tr.com\/en\/wp-content\/uploads\/2023\/11\/iletisim-1.jpg\" \/>\n\t<meta property=\"og:image:width\" content=\"1200\" \/>\n\t<meta property=\"og:image:height\" content=\"713\" \/>\n\t<meta property=\"og:image:type\" content=\"image\/jpeg\" \/>\n<meta name=\"twitter:card\" content=\"summary_large_image\" \/>\n<meta name=\"twitter:label1\" content=\"Est. reading time\" \/>\n\t<meta name=\"twitter:data1\" content=\"2 minutes\" \/>\n<script type=\"application\/ld+json\" class=\"yoast-schema-graph\">{\"@context\":\"https:\/\/schema.org\",\"@graph\":[{\"@type\":\"WebPage\",\"@id\":\"https:\/\/simge-tr.com\/en\/contact\/\",\"url\":\"https:\/\/simge-tr.com\/en\/contact\/\",\"name\":\"Contact - Simge End\u00fcstriyel M\u00fchendislik\",\"isPartOf\":{\"@id\":\"https:\/\/simge-tr.com\/en\/#website\"},\"primaryImageOfPage\":{\"@id\":\"https:\/\/simge-tr.com\/en\/contact\/#primaryimage\"},\"image\":{\"@id\":\"https:\/\/simge-tr.com\/en\/contact\/#primaryimage\"},\"thumbnailUrl\":\"https:\/\/simge-tr.com\/en\/wp-content\/uploads\/2023\/11\/iletisim-1.jpg\",\"datePublished\":\"2023-05-22T09:13:44+00:00\",\"dateModified\":\"2025-05-06T14:37:06+00:00\",\"breadcrumb\":{\"@id\":\"https:\/\/simge-tr.com\/en\/contact\/#breadcrumb\"},\"inLanguage\":\"en-US\",\"potentialAction\":[{\"@type\":\"ReadAction\",\"target\":[\"https:\/\/simge-tr.com\/en\/contact\/\"]}]},{\"@type\":\"ImageObject\",\"inLanguage\":\"en-US\",\"@id\":\"https:\/\/simge-tr.com\/en\/contact\/#primaryimage\",\"url\":\"https:\/\/simge-tr.com\/en\/wp-content\/uploads\/2023\/11\/iletisim-1.jpg\",\"contentUrl\":\"https:\/\/simge-tr.com\/en\/wp-content\/uploads\/2023\/11\/iletisim-1.jpg\",\"width\":1200,\"height\":713},{\"@type\":\"BreadcrumbList\",\"@id\":\"https:\/\/simge-tr.com\/en\/contact\/#breadcrumb\",\"itemListElement\":[{\"@type\":\"ListItem\",\"position\":1,\"name\":\"Home\",\"item\":\"https:\/\/simge-tr.com\/en\/\"},{\"@type\":\"ListItem\",\"position\":2,\"name\":\"Contact\"}]},{\"@type\":\"WebSite\",\"@id\":\"https:\/\/simge-tr.com\/en\/#website\",\"url\":\"https:\/\/simge-tr.com\/en\/\",\"name\":\"Simge End\u00fcstriyel M\u00fchendislik\",\"description\":\"\",\"potentialAction\":[{\"@type\":\"SearchAction\",\"target\":{\"@type\":\"EntryPoint\",\"urlTemplate\":\"https:\/\/simge-tr.com\/en\/?s={search_term_string}\"},\"query-input\":{\"@type\":\"PropertyValueSpecification\",\"valueRequired\":true,\"valueName\":\"search_term_string\"}}],\"inLanguage\":\"en-US\"}]}<\/script>\n<!-- \/ Yoast SEO plugin. -->","yoast_head_json":{"title":"Contact - Simge End\u00fcstriyel M\u00fchendislik","robots":{"index":"index","follow":"follow","max-snippet":"max-snippet:-1","max-image-preview":"max-image-preview:large","max-video-preview":"max-video-preview:-1"},"canonical":"https:\/\/simge-tr.com\/en\/contact\/","og_locale":"en_US","og_type":"article","og_title":"Contact - Simge End\u00fcstriyel M\u00fchendislik","og_url":"https:\/\/simge-tr.com\/en\/contact\/","og_site_name":"Simge End\u00fcstriyel M\u00fchendislik","article_modified_time":"2025-05-06T14:37:06+00:00","og_image":[{"width":1200,"height":713,"url":"https:\/\/simge-tr.com\/en\/wp-content\/uploads\/2023\/11\/iletisim-1.jpg","type":"image\/jpeg"}],"twitter_card":"summary_large_image","twitter_misc":{"Est. reading time":"2 minutes"},"schema":{"@context":"https:\/\/schema.org","@graph":[{"@type":"WebPage","@id":"https:\/\/simge-tr.com\/en\/contact\/","url":"https:\/\/simge-tr.com\/en\/contact\/","name":"Contact - Simge End\u00fcstriyel M\u00fchendislik","isPartOf":{"@id":"https:\/\/simge-tr.com\/en\/#website"},"primaryImageOfPage":{"@id":"https:\/\/simge-tr.com\/en\/contact\/#primaryimage"},"image":{"@id":"https:\/\/simge-tr.com\/en\/contact\/#primaryimage"},"thumbnailUrl":"https:\/\/simge-tr.com\/en\/wp-content\/uploads\/2023\/11\/iletisim-1.jpg","datePublished":"2023-05-22T09:13:44+00:00","dateModified":"2025-05-06T14:37:06+00:00","breadcrumb":{"@id":"https:\/\/simge-tr.com\/en\/contact\/#breadcrumb"},"inLanguage":"en-US","potentialAction":[{"@type":"ReadAction","target":["https:\/\/simge-tr.com\/en\/contact\/"]}]},{"@type":"ImageObject","inLanguage":"en-US","@id":"https:\/\/simge-tr.com\/en\/contact\/#primaryimage","url":"https:\/\/simge-tr.com\/en\/wp-content\/uploads\/2023\/11\/iletisim-1.jpg","contentUrl":"https:\/\/simge-tr.com\/en\/wp-content\/uploads\/2023\/11\/iletisim-1.jpg","width":1200,"height":713},{"@type":"BreadcrumbList","@id":"https:\/\/simge-tr.com\/en\/contact\/#breadcrumb","itemListElement":[{"@type":"ListItem","position":1,"name":"Home","item":"https:\/\/simge-tr.com\/en\/"},{"@type":"ListItem","position":2,"name":"Contact"}]},{"@type":"WebSite","@id":"https:\/\/simge-tr.com\/en\/#website","url":"https:\/\/simge-tr.com\/en\/","name":"Simge End\u00fcstriyel M\u00fchendislik","description":"","potentialAction":[{"@type":"SearchAction","target":{"@type":"EntryPoint","urlTemplate":"https:\/\/simge-tr.com\/en\/?s={search_term_string}"},"query-input":{"@type":"PropertyValueSpecification","valueRequired":true,"valueName":"search_term_string"}}],"inLanguage":"en-US"}]}},"_links":{"self":[{"href":"https:\/\/simge-tr.com\/en\/wp-json\/wp\/v2\/pages\/8550","targetHints":{"allow":["GET"]}}],"collection":[{"href":"https:\/\/simge-tr.com\/en\/wp-json\/wp\/v2\/pages"}],"about":[{"href":"https:\/\/simge-tr.com\/en\/wp-json\/wp\/v2\/types\/page"}],"author":[{"embeddable":true,"href":"https:\/\/simge-tr.com\/en\/wp-json\/wp\/v2\/users\/1"}],"replies":[{"embeddable":true,"href":"https:\/\/simge-tr.com\/en\/wp-json\/wp\/v2\/comments?post=8550"}],"version-history":[{"count":374,"href":"https:\/\/simge-tr.com\/en\/wp-json\/wp\/v2\/pages\/8550\/revisions"}],"predecessor-version":[{"id":12503,"href":"https:\/\/simge-tr.com\/en\/wp-json\/wp\/v2\/pages\/8550\/revisions\/12503"}],"wp:featuredmedia":[{"embeddable":true,"href":"https:\/\/simge-tr.com\/en\/wp-json\/wp\/v2\/media\/11081"}],"wp:attachment":[{"href":"https:\/\/simge-tr.com\/en\/wp-json\/wp\/v2\/media?parent=8550"}],"curies":[{"name":"wp","href":"https:\/\/api.w.org\/{rel}","templated":true}]}}